{"id":320,"date":"2025-06-20T01:37:29","date_gmt":"2025-06-19T23:37:29","guid":{"rendered":"https:\/\/projekt3.sztukaprezentacji.com\/?page_id=320"},"modified":"2025-06-23T23:54:17","modified_gmt":"2025-06-23T21:54:17","slug":"status","status":"publish","type":"page","link":"https:\/\/projekt3.sztukaprezentacji.com\/?page_id=320","title":{"rendered":"Status"},"content":{"rendered":"\t\t<div data-elementor-type=\"wp-page\" data-elementor-id=\"320\" class=\"elementor elementor-320\">\n\t\t\t\t<div class=\"elementor-element elementor-element-ff5887b e-flex e-con-boxed e-con e-parent\" data-id=\"ff5887b\" data-element_type=\"container\">\n\t\t\t\t\t<div class=\"e-con-inner\">\n\t\t\t\t<div class=\"elementor-element elementor-element-5c23e88 elementor-widget elementor-widget-text-editor\" data-id=\"5c23e88\" data-element_type=\"widget\" data-widget_type=\"text-editor.default\">\n\t\t\t\t<div class=\"elementor-widget-container\">\n\t\t\t\t\t\t\t\t\tSTATUT <br>FUNDACJI TELOS\t\t\t\t\t\t\t\t<\/div>\n\t\t\t\t<\/div>\n\t\t\t\t<div class=\"elementor-element elementor-element-d9dc339 elementor-widget elementor-widget-text-editor\" data-id=\"d9dc339\" data-element_type=\"widget\" data-widget_type=\"text-editor.default\">\n\t\t\t\t<div class=\"elementor-widget-container\">\n\t\t\t\t\t\t\t\t\tRozdzia\u0142 I <br>Postanowienia og\u00f3lne <\/br>\t\t\t\t\t\t\t\t<\/div>\n\t\t\t\t<\/div>\n\t\t\t\t<div class=\"elementor-element elementor-element-7f1095e elementor-widget elementor-widget-text-editor\" data-id=\"7f1095e\" data-element_type=\"widget\" data-widget_type=\"text-editor.default\">\n\t\t\t\t<div class=\"elementor-widget-container\">\n\t\t\t\t\t\t\t\t\t<p>\u00a71<\/p>\t\t\t\t\t\t\t\t<\/div>\n\t\t\t\t<\/div>\n\t\t\t\t<div class=\"elementor-element elementor-element-861931a elementor-widget elementor-widget-text-editor\" data-id=\"861931a\" data-element_type=\"widget\" data-widget_type=\"text-editor.default\">\n\t\t\t\t<div class=\"elementor-widget-container\">\n\t\t\t\t\t\t\t\t\t<ol><li>\u00a0Fundacja pod nazw\u0105 <strong>Fundacja Telos<\/strong>, zwana dalej \u201eFundacj\u0105\u201d, zosta\u0142a ustanowiona przez Magdalen\u0119 Delipacy, Wiolett\u0119 Mol\u0119d\u0119 oraz Ann\u0119 Wajnberger &#8211; Bednarz, zwane dalej \u201eFundatorkami\u201d aktem notarialnym Repertorium A nr 16045\/2023 sporz\u0105dzonym przez notariusza Adama Krasowskiego w dniu 5 wrze\u015bnia 2023 roku.<\/li><li>Fundacja dzia\u0142a na podstawie ustawy z dnia 6 kwietnia 1984 r. o fundacjach, ustawy z dnia 24 kwietnia 2003 r. o dzia\u0142alno\u015bci po\u017cytku publicznego i o wolontariacie oraz niniejszego statutu.\u00a0<\/li><\/ol>\t\t\t\t\t\t\t\t<\/div>\n\t\t\t\t<\/div>\n\t\t\t\t<div class=\"elementor-element elementor-element-5897139 elementor-widget elementor-widget-text-editor\" data-id=\"5897139\" data-element_type=\"widget\" data-widget_type=\"text-editor.default\">\n\t\t\t\t<div class=\"elementor-widget-container\">\n\t\t\t\t\t\t\t\t\t<p>\u00a72<\/p>\t\t\t\t\t\t\t\t<\/div>\n\t\t\t\t<\/div>\n\t\t\t\t<div class=\"elementor-element elementor-element-c218220 elementor-widget elementor-widget-text-editor\" data-id=\"c218220\" data-element_type=\"widget\" data-widget_type=\"text-editor.default\">\n\t\t\t\t<div class=\"elementor-widget-container\">\n\t\t\t\t\t\t\t\t\t<ol><li>Fundacja posiada osobowo\u015b\u0107 prawn\u0105.<\/li><li>Siedzib\u0105 Fundacji jest miejscowo\u015b\u0107 Szewce (gmina Nowiny).<\/li><li>Fundacja zostaje ustanowiona na czas nieokre\u015blony.<\/li><\/ol>\t\t\t\t\t\t\t\t<\/div>\n\t\t\t\t<\/div>\n\t\t\t\t<div class=\"elementor-element elementor-element-6a5421f elementor-widget elementor-widget-text-editor\" data-id=\"6a5421f\" data-element_type=\"widget\" data-widget_type=\"text-editor.default\">\n\t\t\t\t<div class=\"elementor-widget-container\">\n\t\t\t\t\t\t\t\t\t<p>\u00a73<\/p>\t\t\t\t\t\t\t\t<\/div>\n\t\t\t\t<\/div>\n\t\t\t\t<div class=\"elementor-element elementor-element-adc104e elementor-widget elementor-widget-text-editor\" data-id=\"adc104e\" data-element_type=\"widget\" data-widget_type=\"text-editor.default\">\n\t\t\t\t<div class=\"elementor-widget-container\">\n\t\t\t\t\t\t\t\t\t<ol><li>Terenem dzia\u0142alno\u015bci Fundacji jest obszar Rzeczypospolitej Polskiej, przy czym w zakresie niezb\u0119dnym dla w\u0142a\u015bciwego realizowania cel\u00f3w mo\u017ce ona prowadzi\u0107 dzia\u0142alno\u015b\u0107 tak\u017ce poza granicami Rzeczypospolitej Polskiej.<\/li><li>Fundacja mo\u017ce tworzy\u0107 terenowe jednostki organizacyjne (oddzia\u0142y, filie, ko\u0142a), o\u015brodki, biura i zak\u0142ady.<\/li><\/ol>\t\t\t\t\t\t\t\t<\/div>\n\t\t\t\t<\/div>\n\t\t\t\t<div class=\"elementor-element elementor-element-bc86d64 elementor-widget elementor-widget-text-editor\" data-id=\"bc86d64\" data-element_type=\"widget\" data-widget_type=\"text-editor.default\">\n\t\t\t\t<div class=\"elementor-widget-container\">\n\t\t\t\t\t\t\t\t\t<p>\u00a74<\/p>\t\t\t\t\t\t\t\t<\/div>\n\t\t\t\t<\/div>\n\t\t\t\t<div class=\"elementor-element elementor-element-ebcacde elementor-widget elementor-widget-text-editor\" data-id=\"ebcacde\" data-element_type=\"widget\" data-widget_type=\"text-editor.default\">\n\t\t\t\t<div class=\"elementor-widget-container\">\n\t\t\t\t\t\t\t\t\t<ol><li>Fundacja mo\u017ce ustanawia\u0107 certyfikaty, odznaki, medale honorowe i przyznawa\u0107 je wraz z innymi nagrodami i wyr\u00f3\u017cnieniami, osobom fizycznym i prawnym zas\u0142u\u017conym dla Fundacji.<\/li><li>Fundacja mo\u017ce u\u017cywa\u0107 piecz\u0119ci z danymi identyfikuj\u0105cymi Fundacj\u0119, wyr\u00f3\u017cniaj\u0105cego j\u0105 znaku graficznego oraz odpowiednik\u00f3w swojej nazwy w j\u0119zykach obcych.<\/li><\/ol>\t\t\t\t\t\t\t\t<\/div>\n\t\t\t\t<\/div>\n\t\t\t\t<div class=\"elementor-element elementor-element-df055c9 elementor-widget elementor-widget-text-editor\" data-id=\"df055c9\" data-element_type=\"widget\" data-widget_type=\"text-editor.default\">\n\t\t\t\t<div class=\"elementor-widget-container\">\n\t\t\t\t\t\t\t\t\t<p>\u00a75<\/p>\t\t\t\t\t\t\t\t<\/div>\n\t\t\t\t<\/div>\n\t\t\t\t<div class=\"elementor-element elementor-element-99d8f1e elementor-widget elementor-widget-text-editor\" data-id=\"99d8f1e\" data-element_type=\"widget\" data-widget_type=\"text-editor.default\">\n\t\t\t\t<div class=\"elementor-widget-container\">\n\t\t\t\t\t\t\t\t\t<ol><li>Do realizacji cel\u00f3w statutowych Fundacja mo\u017ce zatrudnia\u0107 pracownik\u00f3w (w tym cz\u0142onk\u00f3w Zarz\u0105du), zawiera\u0107 umowy cywilnoprawne, jak i wsp\u00f3\u0142pracowa\u0107 z wszelkimi podmiotami (osobami fizycznymi, osobami prawnymi, jednostkami organizacyjnymi niemaj\u0105cymi osobowo\u015bci prawnej, kt\u00f3rym ustawa przyznaje zdolno\u015b\u0107 prawn\u0105) na dopuszczalnych przez prawo podstawach.<\/li><li>Realizacja cel\u00f3w statutowych Fundacji mo\u017ce by\u0107 prowadzona we wsp\u00f3\u0142pracy z innymi podmiotami, zar\u00f3wno krajowymi jak i zagranicznymi, w tym poprzez wspieranie przez Fundacj\u0119 organizacji po\u017cytku publicznego.<\/li><li>Fundacja do realizacji cel\u00f3w statutowych mo\u017ce przyst\u0119powa\u0107 do porozumie\u0144, klastr\u00f3w, partnerstw, federacji oraz innych form zrzeszania organizacji pozarz\u0105dowych i innych os\u00f3b prawnych.<\/li><\/ol>\t\t\t\t\t\t\t\t<\/div>\n\t\t\t\t<\/div>\n\t\t\t\t<div class=\"elementor-element elementor-element-04993fe elementor-widget elementor-widget-text-editor\" data-id=\"04993fe\" data-element_type=\"widget\" data-widget_type=\"text-editor.default\">\n\t\t\t\t<div class=\"elementor-widget-container\">\n\t\t\t\t\t\t\t\t\tRozdzia\u0142 II <br>Cele i zasady dzia\u0142ania Fundacji\t\t\t\t\t\t\t\t<\/div>\n\t\t\t\t<\/div>\n\t\t\t\t<div class=\"elementor-element elementor-element-0adb2f4 elementor-widget elementor-widget-text-editor\" data-id=\"0adb2f4\" data-element_type=\"widget\" data-widget_type=\"text-editor.default\">\n\t\t\t\t<div class=\"elementor-widget-container\">\n\t\t\t\t\t\t\t\t\t<p>\u00a76<\/p>\t\t\t\t\t\t\t\t<\/div>\n\t\t\t\t<\/div>\n\t\t\t\t<div class=\"elementor-element elementor-element-f95be61 elementor-widget elementor-widget-text-editor\" data-id=\"f95be61\" data-element_type=\"widget\" data-widget_type=\"text-editor.default\">\n\t\t\t\t<div class=\"elementor-widget-container\">\n\t\t\t\t\t\t\t\t\t<p>Celem Fundacji jest:<\/p><ol><li>wsparcie wszechstronnego, integralnego rozwoju kobiet i m\u0119\u017cczyzn w oparciu o warto\u015bci chrze\u015bcija\u0144skie;<\/li><li>wsparcie ma\u0142\u017ce\u0144stwa i rodziny w realizacji jej g\u0142\u00f3wnych zada\u0144: wychowanie dzieci, budowanie bliskich relacji, wzmacnianie postaw rodzicielskich, radzenia sobie w sytuacjach kryzysowych;<\/li><li>wsparcie dzieci i m\u0142odzie\u017cy w ich prawid\u0142owym rozwoju psychofizycznym i duchowym, w szczeg\u00f3lno\u015bci posiadaj\u0105cych orzeczenie o niepe\u0142nosprawno\u015bci;<\/li><li>niesienie wsparcia osobom b\u0119d\u0105cym w r\u00f3\u017cnego rodzaju kryzysach: emocjonalnych, psychicznych, duchowych, fizycznych, spo\u0142ecznych;<\/li><li>ochrona, profilaktyka i promocja zdrowia dzieci, m\u0142odzie\u017cy, os\u00f3b doros\u0142ych i senior\u00f3w, ze szczeg\u00f3lnym uwzgl\u0119dnieniem zdrowia psychicznego;<\/li><li>dzia\u0142alno\u015b\u0107 na rzecz os\u00f3b niepe\u0142nosprawnych;<\/li><li>zapobieganie i przeciwdzia\u0142anie problemom spo\u0142ecznym, takim jak dyskryminacja, wykluczenie, przemoc fizyczna i werbalna wobec jednostek, w rodzinach i w grupach spo\u0142ecznych;<\/li><li>wspieranie rozwoju otwartego spo\u0142ecze\u0144stwa obywatelskiego opartego na poszanowaniu potrzeb;<\/li><li>dzia\u0142alno\u015b\u0107 na rzecz ochrony \u017cycia ludzkiego od pocz\u0119cia do naturalnej \u015bmierci;<\/li><li>reintegracja zawodowa i spo\u0142eczna os\u00f3b zagro\u017conych wykluczeniem spo\u0142ecznym;<\/li><li>realizacja us\u0142ug spo\u0142ecznych;<\/li><li>dzia\u0142alno\u015b\u0107 na rzecz misji, kraj\u00f3w misyjnych oraz misjonarzy;<\/li><li>dzia\u0142alno\u015b\u0107 na rzecz rozwoju obszar\u00f3w wiejskich i ich mieszka\u0144c\u00f3w, wspieranie i upowszechnianie zr\u00f3wnowa\u017conego rozwoju obszar\u00f3w wiejskich oraz aktywizowanie spo\u0142eczno\u015bci lokalnych na obszarach wiejskich.<\/li><\/ol>\t\t\t\t\t\t\t\t<\/div>\n\t\t\t\t<\/div>\n\t\t\t\t<div class=\"elementor-element elementor-element-d5967a4 elementor-widget elementor-widget-text-editor\" data-id=\"d5967a4\" data-element_type=\"widget\" data-widget_type=\"text-editor.default\">\n\t\t\t\t<div class=\"elementor-widget-container\">\n\t\t\t\t\t\t\t\t\t<p>\u00a77<\/p>\t\t\t\t\t\t\t\t<\/div>\n\t\t\t\t<\/div>\n\t\t\t\t<div class=\"elementor-element elementor-element-4db8ab9 elementor-widget elementor-widget-text-editor\" data-id=\"4db8ab9\" data-element_type=\"widget\" data-widget_type=\"text-editor.default\">\n\t\t\t\t<div class=\"elementor-widget-container\">\n\t\t\t\t\t\t\t\t\t<p>Fundacja realizuje swoje cele poprzez prowadzenie <strong>dzia\u0142alno\u015bci nieodp\u0142atnej i odp\u0142atnej po\u017cytku publicznego<\/strong> w zakresie:<\/p><ol><li>budowania \u015bwiadomo\u015bci w spo\u0142ecze\u0144stwie wok\u00f3\u0142 zdrowia obywateli poprzez: kampanie spo\u0142eczne, internetowe, programy radiowe, telewizyjne, podcasty, wideopodcasty, dzia\u0142alno\u015b\u0107 wydawnicz\u0105;<\/li><li>inspirowania, wsp\u00f3\u0142uczestnictwa i organizowania takich event\u00f3w jak: konferencje, sympozja, seminaria, spotkania, kursy, targi;<\/li><li>organizacji szkole\u0144, konsultacji, doradztwa;<\/li><li>inspirowania, wsp\u00f3\u0142uczestnictwa i organizowania wydarze\u0144 o charakterze religijnym i duchowym typu: rekolekcje, sesje tematyczne, dni skupienia, konferencje, seminaria, kongresy;<\/li><li>realizowania konsultacji lekarskich, psychoterapeutycznych i doradczych w formie wizyt w gabinecie specjalistycznym, jak r\u00f3wnie\u017c on-line w formie konsultacji wideo, czat i telefonicznych;<\/li><li>zwi\u0119kszenia dost\u0119pno\u015bci do wsparcia i pomocy psychologicznej, psychoterapeutycznej i psychiatrycznej dla r\u00f3\u017cnych grup wiekowych i spo\u0142ecznych;<\/li><li>podnoszenia kwalifikacji os\u00f3b udzielaj\u0105cych pomocy w zakresie zdrowia psychicznego, kompetencji wychowawczych;<\/li><li>promowania zdrowego stylu \u017cycia;<\/li><li>rozwijania, propagowania i wspierania inicjatyw, postaw i dzia\u0142a\u0144 maj\u0105cych na celu aktywizacj\u0119 spo\u0142eczn\u0105 i zawodow\u0105 oraz podnoszenie \u015bwiadomo\u015bci;<\/li><li>podejmowania dzia\u0142a\u0144 na rzecz integralnego rozwoju cz\u0142owieka i podnoszenia jego \u015bwiadomo\u015bci psychicznej, intelektualnej, duchowej, fizycznej i spo\u0142ecznej;<\/li><li>udzielania specjalistycznego wsparcia w zakresie samodzielnego radzenia sobie w trudnych sytuacjach \u017cyciowych, funkcjonowania w rodzinie, w \u015brodowisku zawodowym, w spo\u0142ecze\u0144stwie;<\/li><li>pomocy merytorycznej i doradztwa we wszystkich aspektach dotycz\u0105cych os\u00f3b pozostaj\u0105cych w kryzysie;<\/li><li>realizowania psychoedukacyjnych warsztat\u00f3w, szkole\u0144 w plac\u00f3wkach o\u015bwiatowych i innych instytucjach w ramach edukacji pedagogicznej oraz promowania zdrowia, ze szczeg\u00f3lnym uwzgl\u0119dnieniem zdrowia psychicznego, prawid\u0142owych postaw spo\u0142ecznych oraz kszta\u0142towania postaw pro \u2013 life;<\/li><li>inicjowania i prowadzenia grup wsparcia, grup samopomocowych, grup terapeutycznych, grup psychoterapeutycznych;<\/li><li>organizowania turnus\u00f3w rehabilitacyjnych, integracyjnych, profilaktycznych, terapeutycznych <br \/>i rozwojowych oraz innych dzia\u0142a\u0144 z zakresu ochrony i promocji zdrowia;<\/li><li>organizowania kolonii, p\u00f3\u0142kolonii, wyjazd\u00f3w, piknik\u00f3w i innych form wypoczynku;<\/li><li>organizowania wydarze\u0144 kulturalnych: przedstawie\u0144, performance, wernisa\u017cy, wystaw fotograficznych, emisji film\u00f3w, event\u00f3w artystycznych, wyk\u0142ad\u00f3w, a tak\u017ce wyjazd\u00f3w turystycznych i rekreacyjnych, wydarze\u0144 sportowych;<\/li><li>opracowywania, wdra\u017cania i upowszechniania innowacyjnych rozwi\u0105za\u0144 dotycz\u0105cych integracji <br \/>i aktywizacji zawodowej i spo\u0142ecznej r\u00f3\u017cnych grup spo\u0142ecznych i wiekowych, szczeg\u00f3lnie zagro\u017conych ryzykiem wykluczenia, utraty stabilno\u015bci, itp.;<\/li><li>opracowywania, wdra\u017cania, wsp\u00f3\u0142uczestnictwa i realizacji program\u00f3w profilaktyki zdrowotnej oraz program\u00f3w terapeutycznych wspieraj\u0105cych rozw\u00f3j emocjonalno-spo\u0142eczny, zwi\u0119kszenia samo\u015bwiadomo\u015bci oraz umiej\u0119tno\u015bci komunikacyjnych;<\/li><li>przygotowywania oferty i program\u00f3w kszta\u0142cenia profesjonalist\u00f3w pracuj\u0105cych w obszarze pomocowym;<\/li><li>opracowywania, wdra\u017cania, wydawania i sprzeda\u017cy autorskich poradnik\u00f3w, ulotek, ksi\u0105\u017cek z zakresu pedagogiki, rozwoju osobistego, ochrony i profilaktyki zdrowia ze szczeg\u00f3lnym uwzgl\u0119dnieniem zdrowia psychicznego oraz innych jednostek chorobowych;<\/li><li>tworzenia przestrzeni do wsp\u00f3\u0142pracy z innymi instytucjami, wzajemnego wspierania si\u0119 oraz wymiany do\u015bwiadcze\u0144, pogl\u0105d\u00f3w, inspiracji w obszarach zgodnych z celami Fundacji;<\/li><li>promowania aktywnej dzia\u0142alno\u015bci charytatywnej na poziomie lokalnym, regionalnym i krajowym;<\/li><li>uczestniczenia w konkursach, programach pomocowych finansowanych ze \u015brodk\u00f3w krajowych <br \/>i zagranicznych umo\u017cliwiaj\u0105cych pozyskiwanie \u015brodk\u00f3w finansowych na realizacj\u0119 cel\u00f3w statutowych;<\/li><li>prowadzenia dzia\u0142alno\u015bci spo\u0142ecznie u\u017cytecznej w sferze zada\u0144 publicznych oraz realizacji us\u0142ug spo\u0142ecznych \u015bwiadczonych w interesie og\u00f3lnym i realizacji zada\u0144 o charakterze u\u017cyteczno\u015bci publicznej (powierzanych przez jednostki samorz\u0105du terytorialnego i ich jednostki organizacyjne);<\/li><li>wsp\u00f3\u0142pracy z praktykami lekarskimi o ro\u017cnych specjalizacjach, psychologami, psychoterapeutami, seksuologami, neuropsychologami, logopedami, pedagogami, doradcami zawodowymi, trenerami, edukatorami, w celu promocji i ochrony zdrowia oraz zapewnienia szybkiej pomocy;<\/li><li>wsp\u00f3\u0142pracy z w\u0142adzami samorz\u0105dowymi: gminy, powiaty, wojew\u00f3dztwa, w\u0142adzami rz\u0105dowymi, organizacjami pozarz\u0105dowymi, \u015brodkami masowego przekazu, plac\u00f3wkami o\u015bwiatowymi, przedsi\u0119biorstwami oraz osobami fizycznymi w zakresie niezb\u0119dnym dla realizacji cel\u00f3w statutowych;<\/li><li>prowadzenia dzia\u0142alno\u015bci informacyjnej, promocyjnej i wydawniczej;<\/li><li>organizowania wydarze\u0144 kulturalnych i spo\u0142ecznych, w szczeg\u00f3lno\u015bci koncert\u00f3w, przedstawie\u0144, pokaz\u00f3w, konferencji, aukcji, event\u00f3w, happening\u00f3w, zbi\u00f3rek publicznych, innych akcji spo\u0142ecznych <br \/>i charytatywnych;<\/li><li>organizowania dzia\u0142a\u0144 dotycz\u0105cych wspierania inicjatyw podejmowanych przez \u015brodowiska wiejskie na rzecz rozwoju obszar\u00f3w wiejskich;<\/li><li>prowadzenia dzia\u0142alno\u015bci wspomagaj\u0105cej rozw\u00f3j gospodarczy oraz rolniczy, w tym zr\u00f3wnowa\u017cony rozw\u00f3j przedsi\u0119biorczo\u015bci na obszarach wiejskich oraz rozw\u00f3j pozarolniczych funkcji ma\u0142ych gospodarstw rolnych w zakresie tworzenia lub rozwoju gospodarstw agroturystycznych, zagr\u00f3d edukacyjnych oraz gospodarstw opieku\u0144czych.<\/li><\/ol>\t\t\t\t\t\t\t\t<\/div>\n\t\t\t\t<\/div>\n\t\t\t\t\t<\/div>\n\t\t\t\t<\/div>\n\t\t\t\t<\/div>\n\t\t","protected":false},"excerpt":{"rendered":"<p>STATUT FUNDACJI TELOSRozdzia\u0142 I Postanowienia og\u00f3lne \u00a71 \u00a0Fundacja pod nazw\u0105 Fundacja Telos, zwana dalej \u201eFundacj\u0105\u201d, zosta\u0142a ustanowiona przez Magdalen\u0119 Delipacy, Wiolett\u0119 Mol\u0119d\u0119 oraz Ann\u0119 Wajnberger &#8211; Bednarz, zwane dalej \u201eFundatorkami\u201d aktem notarialnym Repertorium A nr 16045\/2023 sporz\u0105dzonym przez notariusza Adama Krasowskiego w dniu 5 wrze\u015bnia 2023 roku. Fundacja dzia\u0142a na podstawie ustawy z dnia 6&#8230;<\/p>\n","protected":false},"author":1,"featured_media":0,"parent":0,"menu_order":0,"comment_status":"closed","ping_status":"closed","template":"","meta":{"_kad_post_transparent":"","_kad_post_title":"hide","_kad_post_layout":"fullwidth","_kad_post_sidebar_id":"","_kad_post_content_style":"unboxed","_kad_post_vertical_padding":"hide","_kad_post_feature":"hide","_kad_post_feature_position":"","_kad_post_header":false,"_kad_post_footer":false,"footnotes":""},"class_list":["post-320","page","type-page","status-publish","hentry"],"_links":{"self":[{"href":"https:\/\/projekt3.sztukaprezentacji.com\/index.php?rest_route=\/wp\/v2\/pages\/320","targetHints":{"allow":["GET"]}}],"collection":[{"href":"https:\/\/projekt3.sztukaprezentacji.com\/index.php?rest_route=\/wp\/v2\/pages"}],"about":[{"href":"https:\/\/projekt3.sztukaprezentacji.com\/index.php?rest_route=\/wp\/v2\/types\/page"}],"author":[{"embeddable":true,"href":"https:\/\/projekt3.sztukaprezentacji.com\/index.php?rest_route=\/wp\/v2\/users\/1"}],"replies":[{"embeddable":true,"href":"https:\/\/projekt3.sztukaprezentacji.com\/index.php?rest_route=%2Fwp%2Fv2%2Fcomments&post=320"}],"version-history":[{"count":4,"href":"https:\/\/projekt3.sztukaprezentacji.com\/index.php?rest_route=\/wp\/v2\/pages\/320\/revisions"}],"predecessor-version":[{"id":329,"href":"https:\/\/projekt3.sztukaprezentacji.com\/index.php?rest_route=\/wp\/v2\/pages\/320\/revisions\/329"}],"wp:attachment":[{"href":"https:\/\/projekt3.sztukaprezentacji.com\/index.php?rest_route=%2Fwp%2Fv2%2Fmedia&parent=320"}],"curies":[{"name":"wp","href":"https:\/\/api.w.org\/{rel}","templated":true}]}}