{"id":260,"date":"2025-03-10T12:31:41","date_gmt":"2025-03-10T11:31:41","guid":{"rendered":"https:\/\/projekt3.sztukaprezentacji.com\/?page_id=260"},"modified":"2025-06-24T00:47:59","modified_gmt":"2025-06-23T22:47:59","slug":"rodzinny-wyjazd","status":"publish","type":"page","link":"https:\/\/projekt3.sztukaprezentacji.com\/?page_id=260","title":{"rendered":"Rodzinny wyjazd"},"content":{"rendered":"\t\t<div data-elementor-type=\"wp-page\" data-elementor-id=\"260\" class=\"elementor elementor-260\">\n\t\t\t\t<div class=\"elementor-element elementor-element-dc40d2c e-flex e-con-boxed e-con e-parent\" data-id=\"dc40d2c\" data-element_type=\"container\">\n\t\t\t\t\t<div class=\"e-con-inner\">\n\t\t\t\t<div class=\"elementor-element elementor-element-4884c24 elementor-widget elementor-widget-text-editor\" data-id=\"4884c24\" data-element_type=\"widget\" data-widget_type=\"text-editor.default\">\n\t\t\t\t<div class=\"elementor-widget-container\">\n\t\t\t\t\t\t\t\t\t<p>Rodzinny wyjazd z komunikacj\u0105 empatyczn\u0105<\/p>\t\t\t\t\t\t\t\t<\/div>\n\t\t\t\t<\/div>\n\t\t\t\t\t<\/div>\n\t\t\t\t<\/div>\n\t\t<div class=\"elementor-element elementor-element-5894f7c e-flex e-con-boxed e-con e-parent\" data-id=\"5894f7c\" data-element_type=\"container\">\n\t\t\t\t\t<div class=\"e-con-inner\">\n\t\t\t\t<div class=\"elementor-element elementor-element-a6352dc elementor-widget-divider--view-line elementor-widget elementor-widget-divider\" data-id=\"a6352dc\" data-element_type=\"widget\" data-widget_type=\"divider.default\">\n\t\t\t\t<div class=\"elementor-widget-container\">\n\t\t\t\t\t\t\t<div class=\"elementor-divider\">\n\t\t\t<span class=\"elementor-divider-separator\">\n\t\t\t\t\t\t<\/span>\n\t\t<\/div>\n\t\t\t\t\t\t<\/div>\n\t\t\t\t<\/div>\n\t\t\t\t\t<\/div>\n\t\t\t\t<\/div>\n\t\t<div class=\"elementor-element elementor-element-7ebe354 e-flex e-con-boxed e-con e-parent\" data-id=\"7ebe354\" data-element_type=\"container\">\n\t\t\t\t\t<div class=\"e-con-inner\">\n\t\t<div class=\"elementor-element elementor-element-e2144b0 e-con-full e-flex e-con e-child\" data-id=\"e2144b0\" data-element_type=\"container\">\n\t\t\t\t<div class=\"elementor-element elementor-element-c61eb3a elementor-widget elementor-widget-image\" data-id=\"c61eb3a\" data-element_type=\"widget\" data-widget_type=\"image.default\">\n\t\t\t\t<div class=\"elementor-widget-container\">\n\t\t\t\t\t\t\t\t\t\t\t\t\t\t\t<img fetchpriority=\"high\" decoding=\"async\" width=\"559\" height=\"401\" src=\"https:\/\/projekt3.sztukaprezentacji.com\/wp-content\/uploads\/2024\/12\/Wakacyjny-wyjazd-e1749781050221.png\" class=\"attachment-large size-large wp-image-66\" alt=\"\" srcset=\"https:\/\/projekt3.sztukaprezentacji.com\/wp-content\/uploads\/2024\/12\/Wakacyjny-wyjazd-e1749781050221.png 559w, https:\/\/projekt3.sztukaprezentacji.com\/wp-content\/uploads\/2024\/12\/Wakacyjny-wyjazd-e1749781050221-300x215.png 300w\" sizes=\"(max-width: 559px) 100vw, 559px\" \/>\t\t\t\t\t\t\t\t\t\t\t\t\t\t\t<\/div>\n\t\t\t\t<\/div>\n\t\t\t\t<\/div>\n\t\t<div class=\"elementor-element elementor-element-c132413 e-con-full e-flex e-con e-child\" data-id=\"c132413\" data-element_type=\"container\">\n\t\t\t\t<div class=\"elementor-element elementor-element-de6537e elementor-widget elementor-widget-text-editor\" data-id=\"de6537e\" data-element_type=\"widget\" data-widget_type=\"text-editor.default\">\n\t\t\t\t<div class=\"elementor-widget-container\">\n\t\t\t\t\t\t\t\t\t<p>Zapraszamy Ci\u0119 na wyjazd wakacyjny, kt\u00f3ry mo\u017cesz prze\u017cy\u0107:<br \/>-rodzinnie<br \/>-blisko natury (o\u015brodek w lesie, nad rzek\u0105 Bug)<br \/>-z przestrzeni\u0105 na nowe relacje.<\/p><p>W atmosferze wolno\u015bci, akceptacji i dobrego, ciep\u0142ego kontaktu z innymi doros\u0142ymi, dbaj\u0105c te\u017c o w\u0142asny rozw\u00f3j, dzi\u0119ki uczestnictwu w warsztatach.<\/p>\t\t\t\t\t\t\t\t<\/div>\n\t\t\t\t<\/div>\n\t\t\t\t<div class=\"elementor-element elementor-element-45890a2 elementor-widget elementor-widget-text-editor\" data-id=\"45890a2\" data-element_type=\"widget\" data-widget_type=\"text-editor.default\">\n\t\t\t\t<div class=\"elementor-widget-container\">\n\t\t\t\t\t\t\t\t\t<p>Brzmi wo\u0142aj\u0105co? <br \/>Zapraszamy do zapoznania si\u0119 ze szczeg\u00f3\u0142ami!<\/p>\t\t\t\t\t\t\t\t<\/div>\n\t\t\t\t<\/div>\n\t\t\t\t<\/div>\n\t\t\t\t\t<\/div>\n\t\t\t\t<\/div>\n\t\t<div class=\"elementor-element elementor-element-e3fd39e e-flex e-con-boxed e-con e-parent\" data-id=\"e3fd39e\" data-element_type=\"container\">\n\t\t\t\t\t<div class=\"e-con-inner\">\n\t\t\t\t<div class=\"elementor-element elementor-element-708e239 elementor-widget elementor-widget-text-editor\" data-id=\"708e239\" data-element_type=\"widget\" data-widget_type=\"text-editor.default\">\n\t\t\t\t<div class=\"elementor-widget-container\">\n\t\t\t\t\t\t\t\t\t<p>W tym roku zawo\u0142a\u0142 nas temat l\u0119ku (w r\u00f3\u017cnych obszarach). L\u0119ku, kt\u00f3ry nas ogranicza, odbiera nam nasz\u0105 moc i sprawczo\u015b\u0107. I z tym b\u0119dziemy pracowa\u0107. B\u0119dziemy szuka\u0107 naszych zasob\u00f3w, wewn\u0119trznych granic, wewn\u0119trznej mocy. B\u0119dziemy stawa\u0107 w odwadze i uczy\u0107 si\u0119 wyra\u017cania siebie i stawania po swojej stronie. Ale te\u017c z uwa\u017cno\u015bci\u0105 na innych. B\u0119dziemy stara\u0107 si\u0119 najlepiej zrozumie\u0107 l\u0119k, a zw\u0142aszcza to, co za nim stoi, jak\u0105 niesie informacj\u0119, szczeg\u00f3lnie o jakich wa\u017cnych dla nas potrzebach sygnalizuje.<\/p><p>Planujemy wyjazd w taki spos\u00f3b, aby zaspokoi\u0142 r\u00f3\u017cne potrzeby: wypoczynku, zatrzymania si\u0119, budowania dobrych, bliskich relacji, rozwoju.<\/p><p>Poszerzanie w\u0142asnych horyzont\u00f3w ale te\u017c rozw\u00f3j w\u0142asnych kompetencji b\u0119dzie mo\u017cliwy na warsztatach z komunikacji empatycznej, opartej na za\u0142o\u017ceniach Porozumienia bez Przemocy (NVC). Tw\u00f3rc\u0105 NVC by\u0142 psycholog, mediator Marshall Rosenberg, kt\u00f3rego marzeniem by\u0142o budowanie \u015bwiata bez przemocy, w kt\u00f3rym b\u0119d\u0105 uwzgl\u0119dnione potrzeby drugiego cz\u0142owieka<\/p><p>Pi\u0119kna to sztuka i fascynuj\u0105ca nauka. I wierzymy, \u017ce b\u0119dzie to pi\u0119kne do\u015bwiadczenie ka\u017cdego z nas.<\/p>\t\t\t\t\t\t\t\t<\/div>\n\t\t\t\t<\/div>\n\t\t\t\t\t<\/div>\n\t\t\t\t<\/div>\n\t\t<div class=\"elementor-element elementor-element-82209af e-flex e-con-boxed e-con e-parent\" data-id=\"82209af\" data-element_type=\"container\">\n\t\t\t\t\t<div class=\"e-con-inner\">\n\t\t\t\t<div class=\"elementor-element elementor-element-ae9d309 elementor-widget elementor-widget-text-editor\" data-id=\"ae9d309\" data-element_type=\"widget\" data-widget_type=\"text-editor.default\">\n\t\t\t\t<div class=\"elementor-widget-container\">\n\t\t\t\t\t\t\t\t\t<p>Osoby prowadz\u0105ce:\u00a0<\/p>\t\t\t\t\t\t\t\t<\/div>\n\t\t\t\t<\/div>\n\t\t\t\t\t<\/div>\n\t\t\t\t<\/div>\n\t\t<div class=\"elementor-element elementor-element-64fa329 e-flex e-con-boxed e-con e-parent\" data-id=\"64fa329\" data-element_type=\"container\">\n\t\t\t\t\t<div class=\"e-con-inner\">\n\t\t<div class=\"elementor-element elementor-element-aa27aa2 e-con-full e-flex e-con e-child\" data-id=\"aa27aa2\" data-element_type=\"container\">\n\t\t\t\t<div class=\"elementor-element elementor-element-ffd352a elementor-widget elementor-widget-image\" data-id=\"ffd352a\" data-element_type=\"widget\" data-widget_type=\"image.default\">\n\t\t\t\t<div class=\"elementor-widget-container\">\n\t\t\t\t\t\t\t\t\t\t\t\t\t\t\t<img decoding=\"async\" width=\"341\" height=\"350\" src=\"https:\/\/projekt3.sztukaprezentacji.com\/wp-content\/uploads\/2025\/02\/3-fun.jpg\" class=\"attachment-large size-large wp-image-170\" alt=\"\" srcset=\"https:\/\/projekt3.sztukaprezentacji.com\/wp-content\/uploads\/2025\/02\/3-fun.jpg 341w, https:\/\/projekt3.sztukaprezentacji.com\/wp-content\/uploads\/2025\/02\/3-fun-292x300.jpg 292w\" sizes=\"(max-width: 341px) 100vw, 341px\" \/>\t\t\t\t\t\t\t\t\t\t\t\t\t\t\t<\/div>\n\t\t\t\t<\/div>\n\t\t\t\t<\/div>\n\t\t<div class=\"elementor-element elementor-element-927b433 e-con-full e-flex e-con e-child\" data-id=\"927b433\" data-element_type=\"container\">\n\t\t\t\t<div class=\"elementor-element elementor-element-aae1bc7 elementor-widget elementor-widget-image\" data-id=\"aae1bc7\" data-element_type=\"widget\" data-widget_type=\"image.default\">\n\t\t\t\t<div class=\"elementor-widget-container\">\n\t\t\t\t\t\t\t\t\t\t\t\t\t\t\t<img decoding=\"async\" width=\"350\" height=\"350\" src=\"https:\/\/projekt3.sztukaprezentacji.com\/wp-content\/uploads\/2025\/02\/2-fun.jpg\" class=\"attachment-large size-large wp-image-169\" alt=\"\" srcset=\"https:\/\/projekt3.sztukaprezentacji.com\/wp-content\/uploads\/2025\/02\/2-fun.jpg 350w, https:\/\/projekt3.sztukaprezentacji.com\/wp-content\/uploads\/2025\/02\/2-fun-300x300.jpg 300w, https:\/\/projekt3.sztukaprezentacji.com\/wp-content\/uploads\/2025\/02\/2-fun-150x150.jpg 150w\" sizes=\"(max-width: 350px) 100vw, 350px\" \/>\t\t\t\t\t\t\t\t\t\t\t\t\t\t\t<\/div>\n\t\t\t\t<\/div>\n\t\t\t\t<\/div>\n\t\t\t\t\t<\/div>\n\t\t\t\t<\/div>\n\t\t<div class=\"elementor-element elementor-element-feb21e2 e-flex e-con-boxed e-con e-parent\" data-id=\"feb21e2\" data-element_type=\"container\">\n\t\t\t\t\t<div class=\"e-con-inner\">\n\t\t<div class=\"elementor-element elementor-element-d3f3963 e-con-full e-flex e-con e-child\" data-id=\"d3f3963\" data-element_type=\"container\">\n\t\t\t\t<div class=\"elementor-element elementor-element-6ef5a9d elementor-widget elementor-widget-text-editor\" data-id=\"6ef5a9d\" data-element_type=\"widget\" data-widget_type=\"text-editor.default\">\n\t\t\t\t<div class=\"elementor-widget-container\">\n\t\t\t\t\t\t\t\t\t<p>Magda Delipacy<\/p>\t\t\t\t\t\t\t\t<\/div>\n\t\t\t\t<\/div>\n\t\t\t\t<div class=\"elementor-element elementor-element-60fc6ab elementor-widget elementor-widget-text-editor\" data-id=\"60fc6ab\" data-element_type=\"widget\" data-widget_type=\"text-editor.default\">\n\t\t\t\t<div class=\"elementor-widget-container\">\n\t\t\t\t\t\t\t\t\t<p>Lorem Ipsum has been the industry&#8217;s standard dummy text ever since the 1500s, when an unknown printer took a galley of type and scrambled it to make a type specimen book. It has survived not only five centuries, but also the leap into electronic typesetting, remaining essentially unchanged. It was popularised in the 1960s with the release of Letraset sheets containing Lorem Ipsum passages,<\/p>\t\t\t\t\t\t\t\t<\/div>\n\t\t\t\t<\/div>\n\t\t\t\t<\/div>\n\t\t<div class=\"elementor-element elementor-element-067de3b e-con-full e-flex e-con e-child\" data-id=\"067de3b\" data-element_type=\"container\">\n\t\t\t\t<div class=\"elementor-element elementor-element-228930d elementor-widget elementor-widget-text-editor\" data-id=\"228930d\" data-element_type=\"widget\" data-widget_type=\"text-editor.default\">\n\t\t\t\t<div class=\"elementor-widget-container\">\n\t\t\t\t\t\t\t\t\t<p>Sylwia Pniak<\/p>\t\t\t\t\t\t\t\t<\/div>\n\t\t\t\t<\/div>\n\t\t\t\t<div class=\"elementor-element elementor-element-03c1b06 elementor-widget elementor-widget-text-editor\" data-id=\"03c1b06\" data-element_type=\"widget\" data-widget_type=\"text-editor.default\">\n\t\t\t\t<div class=\"elementor-widget-container\">\n\t\t\t\t\t\t\t\t\t<p>Lorem Ipsum has been the industry&#8217;s standard dummy text ever since the 1500s, when an unknown printer took a galley of type and scrambled it to make a type specimen book. It has survived not only five centuries, but also the leap into electronic typesetting, remaining essentially unchanged. It was popularised in the 1960s with the release of Letraset sheets containing Lorem Ipsum passages,<\/p>\t\t\t\t\t\t\t\t<\/div>\n\t\t\t\t<\/div>\n\t\t\t\t<\/div>\n\t\t\t\t\t<\/div>\n\t\t\t\t<\/div>\n\t\t<div class=\"elementor-element elementor-element-bf8e740 e-flex e-con-boxed e-con e-parent\" data-id=\"bf8e740\" data-element_type=\"container\">\n\t\t\t\t\t<div class=\"e-con-inner\">\n\t\t\t\t<div class=\"elementor-element elementor-element-d8c3b54 elementor-widget elementor-widget-n-accordion\" data-id=\"d8c3b54\" data-element_type=\"widget\" data-settings=\"{&quot;default_state&quot;:&quot;expanded&quot;,&quot;max_items_expended&quot;:&quot;one&quot;,&quot;n_accordion_animation_duration&quot;:{&quot;unit&quot;:&quot;ms&quot;,&quot;size&quot;:400,&quot;sizes&quot;:[]}}\" data-widget_type=\"nested-accordion.default\">\n\t\t\t\t<div class=\"elementor-widget-container\">\n\t\t\t\t\t\t\t<div class=\"e-n-accordion\" aria-label=\"Accordion. Open links with Enter or Space, close with Escape, and navigate with Arrow Keys\">\n\t\t\t\t\t\t<details id=\"e-n-accordion-item-2270\" class=\"e-n-accordion-item\" open>\n\t\t\t\t<summary class=\"e-n-accordion-item-title\" data-accordion-index=\"1\" tabindex=\"0\" aria-expanded=\"true\" aria-controls=\"e-n-accordion-item-2270\" >\n\t\t\t\t\t<span class='e-n-accordion-item-title-header'><div class=\"e-n-accordion-item-title-text\"> Czym jest komunikacja empatyczna? <\/div><\/span>\n\t\t\t\t\t\t\t<span class='e-n-accordion-item-title-icon'>\n\t\t\t<span class='e-opened' ><svg aria-hidden=\"true\" class=\"e-font-icon-svg e-fas-minus\" viewBox=\"0 0 448 512\" xmlns=\"http:\/\/www.w3.org\/2000\/svg\"><path d=\"M416 208H32c-17.67 0-32 14.33-32 32v32c0 17.67 14.33 32 32 32h384c17.67 0 32-14.33 32-32v-32c0-17.67-14.33-32-32-32z\"><\/path><\/svg><\/span>\n\t\t\t<span class='e-closed'><svg aria-hidden=\"true\" class=\"e-font-icon-svg e-fas-plus\" viewBox=\"0 0 448 512\" xmlns=\"http:\/\/www.w3.org\/2000\/svg\"><path d=\"M416 208H272V64c0-17.67-14.33-32-32-32h-32c-17.67 0-32 14.33-32 32v144H32c-17.67 0-32 14.33-32 32v32c0 17.67 14.33 32 32 32h144v144c0 17.67 14.33 32 32 32h32c17.67 0 32-14.33 32-32V304h144c17.67 0 32-14.33 32-32v-32c0-17.67-14.33-32-32-32z\"><\/path><\/svg><\/span>\n\t\t<\/span>\n\n\t\t\t\t\t\t<\/summary>\n\t\t\t\t<div role=\"region\" aria-labelledby=\"e-n-accordion-item-2270\" class=\"elementor-element elementor-element-d69d078 e-con-full e-flex e-con e-child\" data-id=\"d69d078\" data-element_type=\"container\">\n\t\t<div role=\"region\" aria-labelledby=\"e-n-accordion-item-2270\" class=\"elementor-element elementor-element-5c9b1aa e-flex e-con-boxed e-con e-child\" data-id=\"5c9b1aa\" data-element_type=\"container\">\n\t\t\t\t\t<div class=\"e-con-inner\">\n\t\t\t\t<div class=\"elementor-element elementor-element-a1b5050 elementor-widget elementor-widget-text-editor\" data-id=\"a1b5050\" data-element_type=\"widget\" data-widget_type=\"text-editor.default\">\n\t\t\t\t<div class=\"elementor-widget-container\">\n\t\t\t\t\t\t\t\t\t<p>Komunikacja empatyczna, bazuj\u0105ca na za\u0142o\u017ceniach Porozumienia bez Przemocy jest narz\u0119dziem, kt\u00f3re pomaga budowa\u0107 \u015bwiadomo\u015b\u0107 siebie, swoich potrzeb i bra\u0107 za nie odpowiedzialno\u015b\u0107. Pomaga budowa\u0107 zaufanie do siebie i przywraca sprawczo\u015b\u0107. Jednocze\u015bnie jest wspania\u0142ym narz\u0119dziem s\u0142u\u017c\u0105cym budowaniu relacji, kt\u00f3re uwzgl\u0119dniaj\u0105 potrzeby i mo\u017cliwo\u015bci obu stron. Bardzo zale\u017cy nam &#8211; prowadz\u0105cym na tym, aby uczestnicy warsztat\u00f3w wyjechali z nich wyposa\u017ceni w wiedz\u0119 i umiej\u0119tno\u015bci, kt\u00f3re pomog\u0105 im tworzy\u0107 bliskie i satysfakcjonuj\u0105ce relacje.<\/p>\t\t\t\t\t\t\t\t<\/div>\n\t\t\t\t<\/div>\n\t\t\t\t\t<\/div>\n\t\t\t\t<\/div>\n\t\t\t\t<\/div>\n\t\t\t\t\t<\/details>\n\t\t\t\t\t\t<details id=\"e-n-accordion-item-2271\" class=\"e-n-accordion-item\" >\n\t\t\t\t<summary class=\"e-n-accordion-item-title\" data-accordion-index=\"2\" tabindex=\"-1\" aria-expanded=\"false\" aria-controls=\"e-n-accordion-item-2271\" >\n\t\t\t\t\t<span class='e-n-accordion-item-title-header'><div class=\"e-n-accordion-item-title-text\"> Element #1 <\/div><\/span>\n\t\t\t\t\t\t\t<span class='e-n-accordion-item-title-icon'>\n\t\t\t<span class='e-opened' ><svg aria-hidden=\"true\" class=\"e-font-icon-svg e-fas-minus\" viewBox=\"0 0 448 512\" xmlns=\"http:\/\/www.w3.org\/2000\/svg\"><path d=\"M416 208H32c-17.67 0-32 14.33-32 32v32c0 17.67 14.33 32 32 32h384c17.67 0 32-14.33 32-32v-32c0-17.67-14.33-32-32-32z\"><\/path><\/svg><\/span>\n\t\t\t<span class='e-closed'><svg aria-hidden=\"true\" class=\"e-font-icon-svg e-fas-plus\" viewBox=\"0 0 448 512\" xmlns=\"http:\/\/www.w3.org\/2000\/svg\"><path d=\"M416 208H272V64c0-17.67-14.33-32-32-32h-32c-17.67 0-32 14.33-32 32v144H32c-17.67 0-32 14.33-32 32v32c0 17.67 14.33 32 32 32h144v144c0 17.67 14.33 32 32 32h32c17.67 0 32-14.33 32-32V304h144c17.67 0 32-14.33 32-32v-32c0-17.67-14.33-32-32-32z\"><\/path><\/svg><\/span>\n\t\t<\/span>\n\n\t\t\t\t\t\t<\/summary>\n\t\t\t\t<div role=\"region\" aria-labelledby=\"e-n-accordion-item-2271\" class=\"elementor-element elementor-element-2832a9f e-con-full e-flex e-con e-child\" data-id=\"2832a9f\" data-element_type=\"container\">\n\t\t\t\t<\/div>\n\t\t\t\t\t<\/details>\n\t\t\t\t\t\t<details id=\"e-n-accordion-item-2272\" class=\"e-n-accordion-item\" >\n\t\t\t\t<summary class=\"e-n-accordion-item-title\" data-accordion-index=\"3\" tabindex=\"-1\" aria-expanded=\"false\" aria-controls=\"e-n-accordion-item-2272\" >\n\t\t\t\t\t<span class='e-n-accordion-item-title-header'><div class=\"e-n-accordion-item-title-text\"> Element #2 <\/div><\/span>\n\t\t\t\t\t\t\t<span class='e-n-accordion-item-title-icon'>\n\t\t\t<span class='e-opened' ><svg aria-hidden=\"true\" class=\"e-font-icon-svg e-fas-minus\" viewBox=\"0 0 448 512\" xmlns=\"http:\/\/www.w3.org\/2000\/svg\"><path d=\"M416 208H32c-17.67 0-32 14.33-32 32v32c0 17.67 14.33 32 32 32h384c17.67 0 32-14.33 32-32v-32c0-17.67-14.33-32-32-32z\"><\/path><\/svg><\/span>\n\t\t\t<span class='e-closed'><svg aria-hidden=\"true\" class=\"e-font-icon-svg e-fas-plus\" viewBox=\"0 0 448 512\" xmlns=\"http:\/\/www.w3.org\/2000\/svg\"><path d=\"M416 208H272V64c0-17.67-14.33-32-32-32h-32c-17.67 0-32 14.33-32 32v144H32c-17.67 0-32 14.33-32 32v32c0 17.67 14.33 32 32 32h144v144c0 17.67 14.33 32 32 32h32c17.67 0 32-14.33 32-32V304h144c17.67 0 32-14.33 32-32v-32c0-17.67-14.33-32-32-32z\"><\/path><\/svg><\/span>\n\t\t<\/span>\n\n\t\t\t\t\t\t<\/summary>\n\t\t\t\t<div role=\"region\" aria-labelledby=\"e-n-accordion-item-2272\" class=\"elementor-element elementor-element-c8f7e53 e-con-full e-flex e-con e-child\" data-id=\"c8f7e53\" data-element_type=\"container\">\n\t\t\t\t<\/div>\n\t\t\t\t\t<\/details>\n\t\t\t\t\t\t<details id=\"e-n-accordion-item-2273\" class=\"e-n-accordion-item\" >\n\t\t\t\t<summary class=\"e-n-accordion-item-title\" data-accordion-index=\"4\" tabindex=\"-1\" aria-expanded=\"false\" aria-controls=\"e-n-accordion-item-2273\" >\n\t\t\t\t\t<span class='e-n-accordion-item-title-header'><div class=\"e-n-accordion-item-title-text\"> Element #3 <\/div><\/span>\n\t\t\t\t\t\t\t<span class='e-n-accordion-item-title-icon'>\n\t\t\t<span class='e-opened' ><svg aria-hidden=\"true\" class=\"e-font-icon-svg e-fas-minus\" viewBox=\"0 0 448 512\" xmlns=\"http:\/\/www.w3.org\/2000\/svg\"><path d=\"M416 208H32c-17.67 0-32 14.33-32 32v32c0 17.67 14.33 32 32 32h384c17.67 0 32-14.33 32-32v-32c0-17.67-14.33-32-32-32z\"><\/path><\/svg><\/span>\n\t\t\t<span class='e-closed'><svg aria-hidden=\"true\" class=\"e-font-icon-svg e-fas-plus\" viewBox=\"0 0 448 512\" xmlns=\"http:\/\/www.w3.org\/2000\/svg\"><path d=\"M416 208H272V64c0-17.67-14.33-32-32-32h-32c-17.67 0-32 14.33-32 32v144H32c-17.67 0-32 14.33-32 32v32c0 17.67 14.33 32 32 32h144v144c0 17.67 14.33 32 32 32h32c17.67 0 32-14.33 32-32V304h144c17.67 0 32-14.33 32-32v-32c0-17.67-14.33-32-32-32z\"><\/path><\/svg><\/span>\n\t\t<\/span>\n\n\t\t\t\t\t\t<\/summary>\n\t\t\t\t<div role=\"region\" aria-labelledby=\"e-n-accordion-item-2273\" class=\"elementor-element elementor-element-f7d8056 e-con-full e-flex e-con e-child\" data-id=\"f7d8056\" data-element_type=\"container\">\n\t\t\t\t<\/div>\n\t\t\t\t\t<\/details>\n\t\t\t\t\t<\/div>\n\t\t\t\t\t\t<\/div>\n\t\t\t\t<\/div>\n\t\t\t\t\t<\/div>\n\t\t\t\t<\/div>\n\t\t<div class=\"elementor-element elementor-element-5e034d9 e-flex e-con-boxed e-con e-parent\" data-id=\"5e034d9\" data-element_type=\"container\">\n\t\t\t\t\t<div class=\"e-con-inner\">\n\t\t\t\t<div class=\"elementor-element elementor-element-049afd9 elementor-widget elementor-widget-text-editor\" data-id=\"049afd9\" data-element_type=\"widget\" data-widget_type=\"text-editor.default\">\n\t\t\t\t<div class=\"elementor-widget-container\">\n\t\t\t\t\t\t\t\t\t<p><strong>Co jeszcze warto wiedzie\u0107?<\/strong><\/p><p>Rozpoczynamy sobotni\u0105 kolacj\u0105, 9 sierpnia, godz. 18.00, po kolacji spotkanie integracyjne. Ostatnim wsp\u00f3lnym punktem b\u0119dzie \u015bniadanie, w sobot\u0119 16 sierpnia. Po \u015bniadaniu pakowanie i wyjazd.<\/p><p><strong>Ile to w sumie kosztuje?<\/strong><\/p><p>Cena zawiera noclegi w domkach, wy\u017cywienie, opiek\u0119 nad dzie\u0107mi w godzinach 10.00-13.00, udzia\u0142 w warsztatach oraz wszystkie koszty organizacyjne.<\/p><p>Osoba doros\u0142a: 1600pln<br \/>dziecko 12-18 lat: 1500pln<br \/>dziecko 4-11 lat: 1400pln<br \/>dziecko do 3 lat : 500pln<\/p><p>Przy zapisach prosimy o wp\u0142acenie zaliczki: 1000pln<\/p><p><strong>Aby si\u0119 zg\u0142osi\u0107, wype\u0142nij formularz w linku poni\u017cej!<\/strong><\/p>\t\t\t\t\t\t\t\t<\/div>\n\t\t\t\t<\/div>\n\t\t\t\t\t<\/div>\n\t\t\t\t<\/div>\n\t\t<div class=\"elementor-element elementor-element-35912b8 e-flex e-con-boxed e-con e-parent\" data-id=\"35912b8\" data-element_type=\"container\">\n\t\t\t\t\t<div class=\"e-con-inner\">\n\t\t\t\t<div class=\"elementor-element elementor-element-031b94c elementor-align-center elementor-widget elementor-widget-button\" data-id=\"031b94c\" data-element_type=\"widget\" data-widget_type=\"button.default\">\n\t\t\t\t<div class=\"elementor-widget-container\">\n\t\t\t\t\t\t\t\t\t<div class=\"elementor-button-wrapper\">\n\t\t\t\t\t<a class=\"elementor-button elementor-button-link elementor-size-sm\" href=\"#\">\n\t\t\t\t\t\t<span class=\"elementor-button-content-wrapper\">\n\t\t\t\t\t\t\t\t\t<span class=\"elementor-button-text\">Aby si\u0119 zg\u0142osi\u0107, wype\u0142nij formularz<\/span>\n\t\t\t\t\t<\/span>\n\t\t\t\t\t<\/a>\n\t\t\t\t<\/div>\n\t\t\t\t\t\t\t\t<\/div>\n\t\t\t\t<\/div>\n\t\t\t\t\t<\/div>\n\t\t\t\t<\/div>\n\t\t<div class=\"elementor-element elementor-element-beb9074 e-flex e-con-boxed e-con e-parent\" data-id=\"beb9074\" data-element_type=\"container\">\n\t\t\t\t\t<div class=\"e-con-inner\">\n\t\t<div class=\"elementor-element elementor-element-8dec25e e-con-full e-flex e-con e-child\" data-id=\"8dec25e\" data-element_type=\"container\">\n\t\t\t\t<div class=\"elementor-element elementor-element-b1bfee9 elementor-widget elementor-widget-image\" data-id=\"b1bfee9\" data-element_type=\"widget\" data-widget_type=\"image.default\">\n\t\t\t\t<div class=\"elementor-widget-container\">\n\t\t\t\t\t\t\t\t\t\t\t\t\t\t\t<img loading=\"lazy\" decoding=\"async\" width=\"1024\" height=\"576\" src=\"https:\/\/projekt3.sztukaprezentacji.com\/wp-content\/uploads\/2025\/03\/3-1024x576.jpg\" class=\"attachment-large size-large wp-image-240\" alt=\"\" srcset=\"https:\/\/projekt3.sztukaprezentacji.com\/wp-content\/uploads\/2025\/03\/3-1024x576.jpg 1024w, https:\/\/projekt3.sztukaprezentacji.com\/wp-content\/uploads\/2025\/03\/3-300x169.jpg 300w, https:\/\/projekt3.sztukaprezentacji.com\/wp-content\/uploads\/2025\/03\/3-768x432.jpg 768w, https:\/\/projekt3.sztukaprezentacji.com\/wp-content\/uploads\/2025\/03\/3-1536x864.jpg 1536w, https:\/\/projekt3.sztukaprezentacji.com\/wp-content\/uploads\/2025\/03\/3.jpg 1600w\" sizes=\"(max-width: 1024px) 100vw, 1024px\" \/>\t\t\t\t\t\t\t\t\t\t\t\t\t\t\t<\/div>\n\t\t\t\t<\/div>\n\t\t\t\t<\/div>\n\t\t<div class=\"elementor-element elementor-element-8738a11 e-con-full e-flex e-con e-child\" data-id=\"8738a11\" data-element_type=\"container\">\n\t\t\t\t<div class=\"elementor-element elementor-element-317a12d elementor-widget elementor-widget-image\" data-id=\"317a12d\" data-element_type=\"widget\" data-widget_type=\"image.default\">\n\t\t\t\t<div class=\"elementor-widget-container\">\n\t\t\t\t\t\t\t\t\t\t\t\t\t\t\t<img fetchpriority=\"high\" decoding=\"async\" width=\"559\" height=\"401\" src=\"https:\/\/projekt3.sztukaprezentacji.com\/wp-content\/uploads\/2024\/12\/Wakacyjny-wyjazd-e1749781050221.png\" class=\"attachment-large size-large wp-image-66\" alt=\"\" srcset=\"https:\/\/projekt3.sztukaprezentacji.com\/wp-content\/uploads\/2024\/12\/Wakacyjny-wyjazd-e1749781050221.png 559w, https:\/\/projekt3.sztukaprezentacji.com\/wp-content\/uploads\/2024\/12\/Wakacyjny-wyjazd-e1749781050221-300x215.png 300w\" sizes=\"(max-width: 559px) 100vw, 559px\" \/>\t\t\t\t\t\t\t\t\t\t\t\t\t\t\t<\/div>\n\t\t\t\t<\/div>\n\t\t\t\t<\/div>\n\t\t\t\t\t<\/div>\n\t\t\t\t<\/div>\n\t\t\t\t<\/div>\n\t\t","protected":false},"excerpt":{"rendered":"<p>Rodzinny wyjazd z komunikacj\u0105 empatyczn\u0105 Zapraszamy Ci\u0119 na wyjazd wakacyjny, kt\u00f3ry mo\u017cesz prze\u017cy\u0107:-rodzinnie-blisko natury (o\u015brodek w lesie, nad rzek\u0105 Bug)-z przestrzeni\u0105 na nowe relacje. W atmosferze wolno\u015bci, akceptacji i dobrego, ciep\u0142ego kontaktu z innymi doros\u0142ymi, dbaj\u0105c te\u017c o w\u0142asny rozw\u00f3j, dzi\u0119ki uczestnictwu w warsztatach. Brzmi wo\u0142aj\u0105co? Zapraszamy do zapoznania si\u0119 ze szczeg\u00f3\u0142ami! W tym roku&#8230;<\/p>\n","protected":false},"author":1,"featured_media":0,"parent":0,"menu_order":0,"comment_status":"closed","ping_status":"closed","template":"","meta":{"_kad_post_transparent":"","_kad_post_title":"hide","_kad_post_layout":"fullwidth","_kad_post_sidebar_id":"","_kad_post_content_style":"unboxed","_kad_post_vertical_padding":"hide","_kad_post_feature":"hide","_kad_post_feature_position":"","_kad_post_header":false,"_kad_post_footer":false,"footnotes":""},"class_list":["post-260","page","type-page","status-publish","hentry"],"_links":{"self":[{"href":"https:\/\/projekt3.sztukaprezentacji.com\/index.php?rest_route=\/wp\/v2\/pages\/260","targetHints":{"allow":["GET"]}}],"collection":[{"href":"https:\/\/projekt3.sztukaprezentacji.com\/index.php?rest_route=\/wp\/v2\/pages"}],"about":[{"href":"https:\/\/projekt3.sztukaprezentacji.com\/index.php?rest_route=\/wp\/v2\/types\/page"}],"author":[{"embeddable":true,"href":"https:\/\/projekt3.sztukaprezentacji.com\/index.php?rest_route=\/wp\/v2\/users\/1"}],"replies":[{"embeddable":true,"href":"https:\/\/projekt3.sztukaprezentacji.com\/index.php?rest_route=%2Fwp%2Fv2%2Fcomments&post=260"}],"version-history":[{"count":11,"href":"https:\/\/projekt3.sztukaprezentacji.com\/index.php?rest_route=\/wp\/v2\/pages\/260\/revisions"}],"predecessor-version":[{"id":343,"href":"https:\/\/projekt3.sztukaprezentacji.com\/index.php?rest_route=\/wp\/v2\/pages\/260\/revisions\/343"}],"wp:attachment":[{"href":"https:\/\/projekt3.sztukaprezentacji.com\/index.php?rest_route=%2Fwp%2Fv2%2Fmedia&parent=260"}],"curies":[{"name":"wp","href":"https:\/\/api.w.org\/{rel}","templated":true}]}}