{"id":218,"date":"2025-03-07T14:29:06","date_gmt":"2025-03-07T13:29:06","guid":{"rendered":"https:\/\/projekt3.sztukaprezentacji.com\/?page_id=218"},"modified":"2025-06-20T01:34:25","modified_gmt":"2025-06-19T23:34:25","slug":"o-nas-2","status":"publish","type":"page","link":"https:\/\/projekt3.sztukaprezentacji.com\/?page_id=218","title":{"rendered":"O nas"},"content":{"rendered":"\t\t<div data-elementor-type=\"wp-page\" data-elementor-id=\"218\" class=\"elementor elementor-218\">\n\t\t\t\t<div class=\"elementor-element elementor-element-b4f344e e-flex e-con-boxed e-con e-parent\" data-id=\"b4f344e\" data-element_type=\"container\">\n\t\t\t\t\t<div class=\"e-con-inner\">\n\t\t\t\t<div class=\"elementor-element elementor-element-77c1f06 elementor-widget elementor-widget-text-editor\" data-id=\"77c1f06\" data-element_type=\"widget\" data-widget_type=\"text-editor.default\">\n\t\t\t\t<div class=\"elementor-widget-container\">\n\t\t\t\t\t\t\t\t\t<p>O fundacji<\/p>\t\t\t\t\t\t\t\t<\/div>\n\t\t\t\t<\/div>\n\t\t\t\t\t<\/div>\n\t\t\t\t<\/div>\n\t\t<div class=\"elementor-element elementor-element-a4a7de7 e-flex e-con-boxed e-con e-parent\" data-id=\"a4a7de7\" data-element_type=\"container\">\n\t\t\t\t\t<div class=\"e-con-inner\">\n\t\t\t\t<div class=\"elementor-element elementor-element-5dc8cec elementor-widget-divider--view-line elementor-widget elementor-widget-divider\" data-id=\"5dc8cec\" data-element_type=\"widget\" data-widget_type=\"divider.default\">\n\t\t\t\t<div class=\"elementor-widget-container\">\n\t\t\t\t\t\t\t<div class=\"elementor-divider\">\n\t\t\t<span class=\"elementor-divider-separator\">\n\t\t\t\t\t\t<\/span>\n\t\t<\/div>\n\t\t\t\t\t\t<\/div>\n\t\t\t\t<\/div>\n\t\t\t\t\t<\/div>\n\t\t\t\t<\/div>\n\t\t<div class=\"elementor-element elementor-element-1a6c35a9 e-flex e-con-boxed e-con e-parent\" data-id=\"1a6c35a9\" data-element_type=\"container\">\n\t\t\t\t\t<div class=\"e-con-inner\">\n\t\t<div class=\"elementor-element elementor-element-461ea02a e-con-full e-flex e-con e-child\" data-id=\"461ea02a\" data-element_type=\"container\">\n\t\t\t\t<div class=\"elementor-element elementor-element-4391d2d7 elementor-widget elementor-widget-image\" data-id=\"4391d2d7\" data-element_type=\"widget\" data-widget_type=\"image.default\">\n\t\t\t\t<div class=\"elementor-widget-container\">\n\t\t\t\t\t\t\t\t\t\t\t\t\t\t\t<img fetchpriority=\"high\" decoding=\"async\" width=\"610\" height=\"610\" src=\"https:\/\/projekt3.sztukaprezentacji.com\/wp-content\/uploads\/2024\/12\/392751617_166134956558121_3472876328518957809_n.jpg\" class=\"attachment-large size-large wp-image-19\" alt=\"\" srcset=\"https:\/\/projekt3.sztukaprezentacji.com\/wp-content\/uploads\/2024\/12\/392751617_166134956558121_3472876328518957809_n.jpg 610w, https:\/\/projekt3.sztukaprezentacji.com\/wp-content\/uploads\/2024\/12\/392751617_166134956558121_3472876328518957809_n-300x300.jpg 300w, https:\/\/projekt3.sztukaprezentacji.com\/wp-content\/uploads\/2024\/12\/392751617_166134956558121_3472876328518957809_n-150x150.jpg 150w\" sizes=\"(max-width: 610px) 100vw, 610px\" \/>\t\t\t\t\t\t\t\t\t\t\t\t\t\t\t<\/div>\n\t\t\t\t<\/div>\n\t\t\t\t<\/div>\n\t\t<div class=\"elementor-element elementor-element-2928e334 e-con-full e-flex e-con e-child\" data-id=\"2928e334\" data-element_type=\"container\">\n\t\t\t\t<div class=\"elementor-element elementor-element-53ff89b9 elementor-widget elementor-widget-text-editor\" data-id=\"53ff89b9\" data-element_type=\"widget\" data-widget_type=\"text-editor.default\">\n\t\t\t\t<div class=\"elementor-widget-container\">\n\t\t\t\t\t\t\t\t\t<p data-start=\"171\" data-end=\"520\">Fundacja Telos powsta\u0142a z potrzeby serca i do\u015bwiadczenia codzienno\u015bci. Znamy wyzwania, jakie niesie \u017cycie, r\u00f3\u017cne role, kt\u00f3re pe\u0142nimy jako kobiety, matki, partnerki, liderki, przyjaci\u00f3\u0142ki. Wiemy te\u017c, jak wa\u017cne jest, by mie\u0107 przestrze\u0144, gdzie mo\u017cna po prostu zaczerpn\u0105\u0107 \u2013 wiedzy, wsparcia, inspiracji.<\/p><p data-start=\"522\" data-end=\"678\">Dlatego jeste\u015bmy. Towarzyszymy w zmianach \u2013 tych ma\u0142ych i tych du\u017cych. Wspieramy rozw\u00f3j, kompetencje, ale te\u017c wewn\u0119trzn\u0105 r\u00f3wnowag\u0119 i dobrostan psychiczny.<\/p><p data-start=\"680\" data-end=\"857\">Patrzymy na cz\u0142owieka ca\u0142o\u015bciowo \u2013 z jego emocjami, cia\u0142em, duchowo\u015bci\u0105 i my\u015blami. Wierzymy, \u017ce tylko wtedy mo\u017cna naprawd\u0119 pom\u00f3c \u2013 z czu\u0142o\u015bci\u0105, realnie, bez sztywnych schemat\u00f3w.<\/p>\t\t\t\t\t\t\t\t<\/div>\n\t\t\t\t<\/div>\n\t\t\t\t<\/div>\n\t\t\t\t\t<\/div>\n\t\t\t\t<\/div>\n\t\t<div class=\"elementor-element elementor-element-3c99c79a e-flex e-con-boxed e-con e-parent\" data-id=\"3c99c79a\" data-element_type=\"container\">\n\t\t\t\t\t<div class=\"e-con-inner\">\n\t\t\t\t<div class=\"elementor-element elementor-element-659a8633 elementor-widget elementor-widget-text-editor\" data-id=\"659a8633\" data-element_type=\"widget\" data-widget_type=\"text-editor.default\">\n\t\t\t\t<div class=\"elementor-widget-container\">\n\t\t\t\t\t\t\t\t\t<p>Co robimy i dla kogo ?<\/p>\t\t\t\t\t\t\t\t<\/div>\n\t\t\t\t<\/div>\n\t\t\t\t\t<\/div>\n\t\t\t\t<\/div>\n\t\t<div class=\"elementor-element elementor-element-5c2b143e e-flex e-con-boxed e-con e-parent\" data-id=\"5c2b143e\" data-element_type=\"container\">\n\t\t\t\t\t<div class=\"e-con-inner\">\n\t\t\t\t<div class=\"elementor-element elementor-element-da7707b elementor-widget elementor-widget-text-editor\" data-id=\"da7707b\" data-element_type=\"widget\" data-widget_type=\"text-editor.default\">\n\t\t\t\t<div class=\"elementor-widget-container\">\n\t\t\t\t\t\t\t\t\t<p>Nasza dzia\u0142alno\u015b\u0107 to przede wszystkim wydarzenia: warsztaty, konferencje, rekolekcje, pomoc psychologiczna i terapia. Chcemy by\u0107 zar\u00f3wno w \u015bwiecie realnych spotka\u0144 jak i przestrzeniach internetu, tak by m\u00f3c dociera\u0107 jak najdalej.<\/p>\t\t\t\t\t\t\t\t<\/div>\n\t\t\t\t<\/div>\n\t\t\t\t<div class=\"elementor-element elementor-element-2035a9b elementor-widget elementor-widget-text-editor\" data-id=\"2035a9b\" data-element_type=\"widget\" data-widget_type=\"text-editor.default\">\n\t\t\t\t<div class=\"elementor-widget-container\">\n\t\t\t\t\t\t\t\t\t<p>Dla kobiet i m\u0119\u017cczyzn, dzieci i nastolatk\u00f3w. Dla rodziny, w r\u00f3\u017cnych jej kontekstach. Dla tych, kt\u00f3rzy prze\u017cywaj\u0105 w swoim \u017cyciu kryzys. dla tych, kt\u00f3rzy mierz\u0105 si\u0119 z niepe\u0142nosprawno\u015bci\u0105 i ich najbli\u017cszych.<\/p>\t\t\t\t\t\t\t\t<\/div>\n\t\t\t\t<\/div>\n\t\t\t\t\t<\/div>\n\t\t\t\t<\/div>\n\t\t<div class=\"elementor-element elementor-element-432828fa e-flex e-con-boxed e-con e-parent\" data-id=\"432828fa\" data-element_type=\"container\" data-settings=\"{&quot;background_background&quot;:&quot;classic&quot;}\">\n\t\t\t\t\t<div class=\"e-con-inner\">\n\t\t\t\t<div class=\"elementor-element elementor-element-d7b70ef elementor-widget elementor-widget-text-editor\" data-id=\"d7b70ef\" data-element_type=\"widget\" data-widget_type=\"text-editor.default\">\n\t\t\t\t<div class=\"elementor-widget-container\">\n\t\t\t\t\t\t\t\t\t<p>Dzia\u0142amy poprzez warsztaty, terapi\u0119, wydarzenia i spotkania&#8230;<\/p>\t\t\t\t\t\t\t\t<\/div>\n\t\t\t\t<\/div>\n\t\t\t\t<div class=\"elementor-element elementor-element-7bd6791 elementor-widget elementor-widget-text-editor\" data-id=\"7bd6791\" data-element_type=\"widget\" data-widget_type=\"text-editor.default\">\n\t\t\t\t<div class=\"elementor-widget-container\">\n\t\t\t\t\t\t\t\t\t<p>Daj\u0105c przestrze\u0144, w kt\u00f3rej mo\u017cna wzrasta\u0107, odzyskiwa\u0107 r\u00f3wnowag\u0119 i odkrywa\u0107 swoj\u0105 drog\u0119.<\/p>\t\t\t\t\t\t\t\t<\/div>\n\t\t\t\t<\/div>\n\t\t\t\t\t<\/div>\n\t\t\t\t<\/div>\n\t\t<div class=\"elementor-element elementor-element-60fc3064 e-flex e-con-boxed e-con e-parent\" data-id=\"60fc3064\" data-element_type=\"container\" data-settings=\"{&quot;background_background&quot;:&quot;classic&quot;}\">\n\t\t\t\t\t<div class=\"e-con-inner\">\n\t\t<div class=\"elementor-element elementor-element-31b1dd1d e-con-full e-flex e-con e-child\" data-id=\"31b1dd1d\" data-element_type=\"container\">\n\t\t\t\t<div class=\"elementor-element elementor-element-7a6f015a elementor-widget elementor-widget-image\" data-id=\"7a6f015a\" data-element_type=\"widget\" data-widget_type=\"image.default\">\n\t\t\t\t<div class=\"elementor-widget-container\">\n\t\t\t\t\t\t\t\t\t\t\t\t\t\t\t<img decoding=\"async\" width=\"674\" height=\"1024\" src=\"https:\/\/projekt3.sztukaprezentacji.com\/wp-content\/uploads\/2024\/12\/poprawka-7-tile.jpg\" class=\"attachment-large size-large wp-image-68\" alt=\"\" \/>\t\t\t\t\t\t\t\t\t\t\t\t\t\t\t<\/div>\n\t\t\t\t<\/div>\n\t\t\t\t<\/div>\n\t\t<div class=\"elementor-element elementor-element-4ac2ece5 e-con-full e-flex e-con e-child\" data-id=\"4ac2ece5\" data-element_type=\"container\" data-settings=\"{&quot;background_background&quot;:&quot;classic&quot;}\">\n\t\t\t\t<div class=\"elementor-element elementor-element-c2a0c57 elementor-widget elementor-widget-text-editor\" data-id=\"c2a0c57\" data-element_type=\"widget\" data-widget_type=\"text-editor.default\">\n\t\t\t\t<div class=\"elementor-widget-container\">\n\t\t\t\t\t\t\t\t\t<p>Kim jeste\u015bmy? <\/p>\t\t\t\t\t\t\t\t<\/div>\n\t\t\t\t<\/div>\n\t\t\t\t<div class=\"elementor-element elementor-element-65d67b35 elementor-widget elementor-widget-text-editor\" data-id=\"65d67b35\" data-element_type=\"widget\" data-widget_type=\"text-editor.default\">\n\t\t\t\t<div class=\"elementor-widget-container\">\n\t\t\t\t\t\t\t\t\t<p>Zarz\u0105d Fundacji tworz\u0105 trzy kobiet, \u017cony, mamy, przedsi\u0119biorczynie z r\u00f3\u017cnych bran\u017c. Tym co nas po\u0142\u0105czy\u0142o, to przede wszystkim gotowo\u015b\u0107 bycia dla innych, nieco wi\u0119cej ni\u017c dotychczas. <br \/><br \/>Dla ka\u017cdej z nas tworzenie bliskich, wzmacniaj\u0105cych relacji to najwa\u017cniejsza warto\u015b\u0107 i codzienne do\u015bwiadczenie. <br \/><br \/>Nasze \u017cycie budujemy w oparciu o warto\u015bci chrze\u015bcija\u0144skie i opieramy na jednym fundamencie: bliskiej relacji z Panem Bogiem.<\/p><p>I tym chcemy dzieli\u0107 si\u0119 z innymi.<\/p>\t\t\t\t\t\t\t\t<\/div>\n\t\t\t\t<\/div>\n\t\t\t\t<\/div>\n\t\t\t\t\t<\/div>\n\t\t\t\t<\/div>\n\t\t<div class=\"elementor-element elementor-element-0b40be8 e-flex e-con-boxed e-con e-parent\" data-id=\"0b40be8\" data-element_type=\"container\">\n\t\t\t\t\t<div class=\"e-con-inner\">\n\t\t<div class=\"elementor-element elementor-element-5767bdb e-con-full e-flex e-con e-child\" data-id=\"5767bdb\" data-element_type=\"container\">\n\t\t\t\t<div class=\"elementor-element elementor-element-15bf42a elementor-widget elementor-widget-image\" data-id=\"15bf42a\" data-element_type=\"widget\" data-widget_type=\"image.default\">\n\t\t\t\t<div class=\"elementor-widget-container\">\n\t\t\t\t\t\t\t\t\t\t\t\t\t\t\t<img decoding=\"async\" width=\"341\" height=\"350\" src=\"https:\/\/projekt3.sztukaprezentacji.com\/wp-content\/uploads\/2025\/02\/3-fun.jpg\" class=\"attachment-large size-large wp-image-170\" alt=\"\" srcset=\"https:\/\/projekt3.sztukaprezentacji.com\/wp-content\/uploads\/2025\/02\/3-fun.jpg 341w, https:\/\/projekt3.sztukaprezentacji.com\/wp-content\/uploads\/2025\/02\/3-fun-292x300.jpg 292w\" sizes=\"(max-width: 341px) 100vw, 341px\" \/>\t\t\t\t\t\t\t\t\t\t\t\t\t\t\t<\/div>\n\t\t\t\t<\/div>\n\t\t\t\t<\/div>\n\t\t<div class=\"elementor-element elementor-element-e0d8d30 e-con-full e-flex e-con e-child\" data-id=\"e0d8d30\" data-element_type=\"container\">\n\t\t\t\t<div class=\"elementor-element elementor-element-e4a8d1a elementor-widget elementor-widget-image\" data-id=\"e4a8d1a\" data-element_type=\"widget\" data-widget_type=\"image.default\">\n\t\t\t\t<div class=\"elementor-widget-container\">\n\t\t\t\t\t\t\t\t\t\t\t\t\t\t\t<img loading=\"lazy\" decoding=\"async\" width=\"331\" height=\"350\" src=\"https:\/\/projekt3.sztukaprezentacji.com\/wp-content\/uploads\/2025\/02\/1_fun.jpg\" class=\"attachment-large size-large wp-image-168\" alt=\"\" srcset=\"https:\/\/projekt3.sztukaprezentacji.com\/wp-content\/uploads\/2025\/02\/1_fun.jpg 331w, https:\/\/projekt3.sztukaprezentacji.com\/wp-content\/uploads\/2025\/02\/1_fun-284x300.jpg 284w\" sizes=\"(max-width: 331px) 100vw, 331px\" \/>\t\t\t\t\t\t\t\t\t\t\t\t\t\t\t<\/div>\n\t\t\t\t<\/div>\n\t\t\t\t<\/div>\n\t\t<div class=\"elementor-element elementor-element-0db2ddb e-con-full e-flex e-con e-child\" data-id=\"0db2ddb\" data-element_type=\"container\">\n\t\t\t\t<div class=\"elementor-element elementor-element-26510a6 elementor-widget elementor-widget-image\" data-id=\"26510a6\" data-element_type=\"widget\" data-widget_type=\"image.default\">\n\t\t\t\t<div class=\"elementor-widget-container\">\n\t\t\t\t\t\t\t\t\t\t\t\t\t\t\t<img loading=\"lazy\" decoding=\"async\" width=\"350\" height=\"350\" src=\"https:\/\/projekt3.sztukaprezentacji.com\/wp-content\/uploads\/2025\/02\/2-fun.jpg\" class=\"attachment-large size-large wp-image-169\" alt=\"\" srcset=\"https:\/\/projekt3.sztukaprezentacji.com\/wp-content\/uploads\/2025\/02\/2-fun.jpg 350w, https:\/\/projekt3.sztukaprezentacji.com\/wp-content\/uploads\/2025\/02\/2-fun-300x300.jpg 300w, https:\/\/projekt3.sztukaprezentacji.com\/wp-content\/uploads\/2025\/02\/2-fun-150x150.jpg 150w\" sizes=\"(max-width: 350px) 100vw, 350px\" \/>\t\t\t\t\t\t\t\t\t\t\t\t\t\t\t<\/div>\n\t\t\t\t<\/div>\n\t\t\t\t<\/div>\n\t\t\t\t\t<\/div>\n\t\t\t\t<\/div>\n\t\t<div class=\"elementor-element elementor-element-ce304a8 e-flex e-con-boxed e-con e-parent\" data-id=\"ce304a8\" data-element_type=\"container\">\n\t\t\t\t\t<div class=\"e-con-inner\">\n\t\t<div class=\"elementor-element elementor-element-25ba49e e-con-full e-flex e-con e-child\" data-id=\"25ba49e\" data-element_type=\"container\">\n\t\t\t\t<div class=\"elementor-element elementor-element-9d2c662 elementor-widget elementor-widget-text-editor\" data-id=\"9d2c662\" data-element_type=\"widget\" data-widget_type=\"text-editor.default\">\n\t\t\t\t<div class=\"elementor-widget-container\">\n\t\t\t\t\t\t\t\t\t<p>Magdalena Delipacy<\/p>\t\t\t\t\t\t\t\t<\/div>\n\t\t\t\t<\/div>\n\t\t\t\t<div class=\"elementor-element elementor-element-0b138c0 elementor-widget elementor-widget-text-editor\" data-id=\"0b138c0\" data-element_type=\"widget\" data-widget_type=\"text-editor.default\">\n\t\t\t\t<div class=\"elementor-widget-container\">\n\t\t\t\t\t\t\t\t\t<p>Prezes Zarz\u0105du<\/p>\t\t\t\t\t\t\t\t<\/div>\n\t\t\t\t<\/div>\n\t\t\t\t<div class=\"elementor-element elementor-element-e01b0ed elementor-widget elementor-widget-text-editor\" data-id=\"e01b0ed\" data-element_type=\"widget\" data-widget_type=\"text-editor.default\">\n\t\t\t\t<div class=\"elementor-widget-container\">\n\t\t\t\t\t\t\t\t\t<p>Lorem Ipsum has been the industry&#8217;s standard dummy text ever since the 1500s, when an unknown printer took a galley of type and scrambled it to make<\/p>\t\t\t\t\t\t\t\t<\/div>\n\t\t\t\t<\/div>\n\t\t\t\t<\/div>\n\t\t<div class=\"elementor-element elementor-element-89f84af e-con-full e-flex e-con e-child\" data-id=\"89f84af\" data-element_type=\"container\">\n\t\t\t\t<div class=\"elementor-element elementor-element-a5c6678 elementor-widget elementor-widget-text-editor\" data-id=\"a5c6678\" data-element_type=\"widget\" data-widget_type=\"text-editor.default\">\n\t\t\t\t<div class=\"elementor-widget-container\">\n\t\t\t\t\t\t\t\t\t<p>Wioletta Mol\u0119da<\/p>\t\t\t\t\t\t\t\t<\/div>\n\t\t\t\t<\/div>\n\t\t\t\t<div class=\"elementor-element elementor-element-f971dde elementor-widget elementor-widget-text-editor\" data-id=\"f971dde\" data-element_type=\"widget\" data-widget_type=\"text-editor.default\">\n\t\t\t\t<div class=\"elementor-widget-container\">\n\t\t\t\t\t\t\t\t\t<p>Cz\u0142onek Zarz\u0105du<\/p>\t\t\t\t\t\t\t\t<\/div>\n\t\t\t\t<\/div>\n\t\t\t\t<div class=\"elementor-element elementor-element-73ee83b elementor-widget elementor-widget-text-editor\" data-id=\"73ee83b\" data-element_type=\"widget\" data-widget_type=\"text-editor.default\">\n\t\t\t\t<div class=\"elementor-widget-container\">\n\t\t\t\t\t\t\t\t\t<p>Lorem Ipsum has been the industry&#8217;s standard dummy text ever since the 1500s, when an unknown printer took a galley of type and scrambled it to make<\/p>\t\t\t\t\t\t\t\t<\/div>\n\t\t\t\t<\/div>\n\t\t\t\t<\/div>\n\t\t<div class=\"elementor-element elementor-element-177c3a8 e-con-full e-flex e-con e-child\" data-id=\"177c3a8\" data-element_type=\"container\">\n\t\t\t\t<div class=\"elementor-element elementor-element-643eb7e elementor-widget elementor-widget-text-editor\" data-id=\"643eb7e\" data-element_type=\"widget\" data-widget_type=\"text-editor.default\">\n\t\t\t\t<div class=\"elementor-widget-container\">\n\t\t\t\t\t\t\t\t\t<p>Anna Wajnberger-Bednarz<\/p>\t\t\t\t\t\t\t\t<\/div>\n\t\t\t\t<\/div>\n\t\t\t\t<div class=\"elementor-element elementor-element-d493c9e elementor-widget elementor-widget-text-editor\" data-id=\"d493c9e\" data-element_type=\"widget\" data-widget_type=\"text-editor.default\">\n\t\t\t\t<div class=\"elementor-widget-container\">\n\t\t\t\t\t\t\t\t\t<p>Cz\u0142onek Zarz\u0105du<\/p>\t\t\t\t\t\t\t\t<\/div>\n\t\t\t\t<\/div>\n\t\t\t\t<div class=\"elementor-element elementor-element-80bfa80 elementor-widget elementor-widget-text-editor\" data-id=\"80bfa80\" data-element_type=\"widget\" data-widget_type=\"text-editor.default\">\n\t\t\t\t<div class=\"elementor-widget-container\">\n\t\t\t\t\t\t\t\t\t<p>Lorem Ipsum has been the industry&#8217;s standard dummy text ever since the 1500s, when an unknown printer took a galley of type and scrambled it to make<\/p>\t\t\t\t\t\t\t\t<\/div>\n\t\t\t\t<\/div>\n\t\t\t\t<\/div>\n\t\t\t\t\t<\/div>\n\t\t\t\t<\/div>\n\t\t<div class=\"elementor-element elementor-element-38d768b e-flex e-con-boxed e-con e-parent\" data-id=\"38d768b\" data-element_type=\"container\">\n\t\t\t\t\t<div class=\"e-con-inner\">\n\t\t\t\t<div class=\"elementor-element elementor-element-d24581d elementor-widget elementor-widget-text-editor\" data-id=\"d24581d\" data-element_type=\"widget\" data-widget_type=\"text-editor.default\">\n\t\t\t\t<div class=\"elementor-widget-container\">\n\t\t\t\t\t\t\t\t\t<p>Zosta\u0144 z nami zagl\u0105daj\u0105c tu na stron\u0119, \u015bledz\u0105c nasze social media ale przede wszystkim do zobaczenia na naszych wydarzeniach! Ucieszymy si\u0119 na spotkanie z Tob\u0105! Wierzymy, \u017ce dobre spotkania i relacje zmieniaj\u0105 \u015bwiat i ludzi. A My chcemy taka zmiana by\u0107 i taka zmian\u0119 wnosi\u0107.\u00a0<\/p>\t\t\t\t\t\t\t\t<\/div>\n\t\t\t\t<\/div>\n\t\t\t\t\t<\/div>\n\t\t\t\t<\/div>\n\t\t\t\t<\/div>\n\t\t","protected":false},"excerpt":{"rendered":"<p>O fundacji Fundacja Telos powsta\u0142a z potrzeby serca i do\u015bwiadczenia codzienno\u015bci. Znamy wyzwania, jakie niesie \u017cycie, r\u00f3\u017cne role, kt\u00f3re pe\u0142nimy jako kobiety, matki, partnerki, liderki, przyjaci\u00f3\u0142ki. Wiemy te\u017c, jak wa\u017cne jest, by mie\u0107 przestrze\u0144, gdzie mo\u017cna po prostu zaczerpn\u0105\u0107 \u2013 wiedzy, wsparcia, inspiracji. Dlatego jeste\u015bmy. Towarzyszymy w zmianach \u2013 tych ma\u0142ych i tych du\u017cych. Wspieramy&#8230;<\/p>\n","protected":false},"author":1,"featured_media":0,"parent":0,"menu_order":0,"comment_status":"closed","ping_status":"closed","template":"","meta":{"_kad_post_transparent":"","_kad_post_title":"hide","_kad_post_layout":"fullwidth","_kad_post_sidebar_id":"","_kad_post_content_style":"unboxed","_kad_post_vertical_padding":"hide","_kad_post_feature":"hide","_kad_post_feature_position":"","_kad_post_header":false,"_kad_post_footer":false,"footnotes":""},"class_list":["post-218","page","type-page","status-publish","hentry"],"_links":{"self":[{"href":"https:\/\/projekt3.sztukaprezentacji.com\/index.php?rest_route=\/wp\/v2\/pages\/218","targetHints":{"allow":["GET"]}}],"collection":[{"href":"https:\/\/projekt3.sztukaprezentacji.com\/index.php?rest_route=\/wp\/v2\/pages"}],"about":[{"href":"https:\/\/projekt3.sztukaprezentacji.com\/index.php?rest_route=\/wp\/v2\/types\/page"}],"author":[{"embeddable":true,"href":"https:\/\/projekt3.sztukaprezentacji.com\/index.php?rest_route=\/wp\/v2\/users\/1"}],"replies":[{"embeddable":true,"href":"https:\/\/projekt3.sztukaprezentacji.com\/index.php?rest_route=%2Fwp%2Fv2%2Fcomments&post=218"}],"version-history":[{"count":7,"href":"https:\/\/projekt3.sztukaprezentacji.com\/index.php?rest_route=\/wp\/v2\/pages\/218\/revisions"}],"predecessor-version":[{"id":319,"href":"https:\/\/projekt3.sztukaprezentacji.com\/index.php?rest_route=\/wp\/v2\/pages\/218\/revisions\/319"}],"wp:attachment":[{"href":"https:\/\/projekt3.sztukaprezentacji.com\/index.php?rest_route=%2Fwp%2Fv2%2Fmedia&parent=218"}],"curies":[{"name":"wp","href":"https:\/\/api.w.org\/{rel}","templated":true}]}}